{"id":197,"date":"2022-02-24T02:05:58","date_gmt":"2022-02-24T02:05:58","guid":{"rendered":"https:\/\/camaracaxambu.mg.gov.br\/v2\/?page_id=197"},"modified":"2026-03-27T16:07:33","modified_gmt":"2026-03-27T16:07:33","slug":"downloads","status":"publish","type":"page","link":"https:\/\/camaracaxambu.mg.gov.br\/v2\/downloads\/","title":{"rendered":"Downloads"},"content":{"rendered":"<p>[vc_row][vc_column][vc_column_text]<!-- WPFB searchform --><form method=\"get\" class=\"td-search-form-widget\" action=\"\">     <div role=\"search\">         <input class=\"td-widget-search-input\" type=\"text\" value=\"\" name=\"wpfb_s\" id=\"s\" \/><input class=\"wpb_button wpb_btn-inverse btn\" type=\"submit\" id=\"searchsubmit\" value=\"Pesquisa\" \/>     <\/div> <\/form><!-- \/WPFB searchform -->\r\n<table>\r\n<thead>\r\n\t<tr><th scope=\"col\"><a href=\"\/v2\/wp-json\/wp\/v2\/pages\/197?wpfb_file_sort=&lt;file_name\">Descri\u00e7\u00e3o<\/a><\/th><th scope=\"col\"><a href=\"\/v2\/wp-json\/wp\/v2\/pages\/197?wpfb_file_sort=&lt;file_size\">Tamanho<\/a><\/th><th scope=\"col\"><a href=\"\/v2\/wp-json\/wp\/v2\/pages\/197?wpfb_file_sort=&lt;file_hits\">Downloads<\/a><\/th><\/tr>\r\n<\/thead>\r\n\r\n<tbody><tr><td><a href=\"https:\/\/camaracaxambu.mg.gov.br\/v2\/download\/downloads\/Codigo-de-Obras-Atualizado-ate-Marco-2022.pdf\">Codigo De Obras - Atualizado At\u00e9 Mar\u00e7o 2022<\/a><\/td><td>1.7 MiB<\/td><td>2366<\/td><\/tr><tr><td><a href=\"https:\/\/camaracaxambu.mg.gov.br\/v2\/download\/downloads\/Codigo-de-Posturas-do-Municipio-de-Caxambu.pdf\">C\u00f3digo De Posturas Do Munic\u00edpio De Caxambu<\/a><\/td><td>322 KiB<\/td><td>2456<\/td><\/tr><tr><td><a href=\"https:\/\/camaracaxambu.mg.gov.br\/v2\/download\/downloads\/Codigo-de-Vigilancia-Sanitaria-do-Municipio-de-Caxambu.pdf\">C\u00f3digo De Vigil\u00e2ncia Sanit\u00e1ria Do Munic\u00edpio De Caxambu<\/a><\/td><td>172 KiB<\/td><td>1311<\/td><\/tr><tr><td><a href=\"https:\/\/camaracaxambu.mg.gov.br\/v2\/download\/downloads\/CODIGO-TRIBUTARIO-MUNICIPAL_2024.pdf\">C\u00f3digo Tribut\u00e1rio Municipal<\/a><\/td><td>411 KiB<\/td><td>2739<\/td><\/tr><tr><td><a href=\"https:\/\/camaracaxambu.mg.gov.br\/v2\/download\/downloads\/ESTATUTO-DOS-SERVIDORES-PUBLICOS-MUNICIPAIS-DE-CAXAMBU.pdf\">Estatuto dos Servidores P\u00fablicos Municipais<\/a><\/td><td>860 KiB<\/td><td>1539<\/td><\/tr><tr><td><a href=\"https:\/\/camaracaxambu.mg.gov.br\/v2\/download\/downloads\/Estrutura-Administrativa-da-Camara-Municipal-de-Caxambu.pdf\">Estrutura Administrativa Da C\u00e2mara Municipal De Caxambu<\/a><\/td><td>1.6 MiB<\/td><td>348<\/td><\/tr><tr><td><a href=\"https:\/\/camaracaxambu.mg.gov.br\/v2\/download\/downloads\/Estrutura-Administrativa-da-Prefeitura-Municipal-de-Caxambu.pdf\">Estrutura Administrativa Da Prefeitura Municipal De Caxambu<\/a><\/td><td>2.6 MiB<\/td><td>1068<\/td><\/tr><tr><td><a href=\"https:\/\/camaracaxambu.mg.gov.br\/v2\/download\/downloads\/leicomplementar.pdf\">Lei Complementar n. 822019 - Plano de Cargos - 3<\/a><\/td><td>30.1 MiB<\/td><td>1391<\/td><\/tr><tr><td><a href=\"https:\/\/camaracaxambu.mg.gov.br\/v2\/download\/downloads\/Lei-de-Zoneamento-parcelamento-uso-e-ocupacao-do-solo-do-Municipio-de-Caxambu.pdf\">Lei De Zoneamento, Parcelamento, Uso E Ocupa\u00e7\u00e3o Do Solo Do Munic\u00edpio De Caxambu<\/a><\/td><td>391 KiB<\/td><td>2072<\/td><\/tr><tr><td><a href=\"https:\/\/camaracaxambu.mg.gov.br\/v2\/download\/downloads\/leiorganica_janeiro2025.pdf\">Lei Org\u00e2nica Municipal at\u00e9 a Emenda \u00e0 Lei Org\u00e2nica n\u00ba 28 de 10\/12\/2024<\/a><\/td><td>1.3 MiB<\/td><td>2105<\/td><\/tr><tr><td><a href=\"https:\/\/camaracaxambu.mg.gov.br\/v2\/download\/downloads\/Plano-de-Cargos-e-Carreiras-dos-servidores-da-Camara-Municipal-de-Caxambu.pdf\">Plano De Cargos E Carreiras Dos Servidores Da C\u00e2mara Municipal De Caxambu<\/a><\/td><td>1.3 MiB<\/td><td>669<\/td><\/tr><tr><td><a href=\"https:\/\/camaracaxambu.mg.gov.br\/v2\/download\/downloads\/Plano-Diretor-do-Municipio-de-Caxambu.pdf\">Plano Diretor Do Munic\u00edpio De Caxambu<\/a><\/td><td>173 KiB<\/td><td>1163<\/td><\/tr><tr><td><a href=\"https:\/\/camaracaxambu.mg.gov.br\/v2\/download\/downloads\/regimentointernov2025.pdf\">Regimento Interno da C\u00e2mara Municipal de Caxambu<\/a><\/td><td>690 KiB<\/td><td>563<\/td><\/tr><tr><td><a href=\"https:\/\/camaracaxambu.mg.gov.br\/v2\/download\/downloads\/Resolucao-no-33.1995-Codigo-de-Etica-e-Decoro-Parlamentar.pdf\">Resolu\u00e7\u00e3o N\u00ba 33.1995- C\u00f3digo de \u00c9tica e Decoro Parlamentar<\/a><\/td><td>111 KiB<\/td><td>57<\/td><\/tr><\/tbody>\r\n<\/table>\r\n<div class=\"tablenav-pages\"><\/div>[\/vc_column_text][\/vc_column][\/vc_row]<\/p>\n","protected":false},"excerpt":{"rendered":"<p>[vc_row][vc_column][vc_column_text][\/vc_column_text][\/vc_column][\/vc_row]<\/p>\n","protected":false},"author":1,"featured_media":0,"parent":0,"menu_order":0,"comment_status":"closed","ping_status":"closed","template":"page-pagebuilder-title.php","meta":[],"_links":{"self":[{"href":"https:\/\/camaracaxambu.mg.gov.br\/v2\/wp-json\/wp\/v2\/pages\/197"}],"collection":[{"href":"https:\/\/camaracaxambu.mg.gov.br\/v2\/wp-json\/wp\/v2\/pages"}],"about":[{"href":"https:\/\/camaracaxambu.mg.gov.br\/v2\/wp-json\/wp\/v2\/types\/page"}],"author":[{"embeddable":true,"href":"https:\/\/camaracaxambu.mg.gov.br\/v2\/wp-json\/wp\/v2\/users\/1"}],"replies":[{"embeddable":true,"href":"https:\/\/camaracaxambu.mg.gov.br\/v2\/wp-json\/wp\/v2\/comments?post=197"}],"version-history":[{"count":3,"href":"https:\/\/camaracaxambu.mg.gov.br\/v2\/wp-json\/wp\/v2\/pages\/197\/revisions"}],"predecessor-version":[{"id":205,"href":"https:\/\/camaracaxambu.mg.gov.br\/v2\/wp-json\/wp\/v2\/pages\/197\/revisions\/205"}],"wp:attachment":[{"href":"https:\/\/camaracaxambu.mg.gov.br\/v2\/wp-json\/wp\/v2\/media?parent=197"}],"curies":[{"name":"wp","href":"https:\/\/api.w.org\/{rel}","templated":true}]}}