{"id":121,"date":"2022-02-22T02:19:23","date_gmt":"2022-02-22T02:19:23","guid":{"rendered":"https:\/\/camaracaxambu.mg.gov.br\/v2\/?page_id=121"},"modified":"2024-07-04T20:43:08","modified_gmt":"2024-07-04T20:43:08","slug":"reunioes","status":"publish","type":"page","link":"https:\/\/camaracaxambu.mg.gov.br\/v2\/reunioes\/","title":{"rendered":"Reuni\u00f5es"},"content":{"rendered":"<p>[vc_row][vc_column][vc_column_text]<strong>Reuni\u00f5es Ordin\u00e1rias: todas as segundas-feiras &#8211; 18h<\/strong><\/p>\n<p><strong>Audi\u00eancias P\u00fablicas: segunda ter\u00e7a-feira de cada m\u00eas &#8211; 18h<\/strong>[\/vc_column_text][vc_column_text]<iframe class=\"pdfjs-viewer\" width=\"100%\" height=\"849px\" src=\"https:\/\/camaracaxambu.mg.gov.br\/v2\/wp-content\/plugins\/pdf-viewer\/stable\/web\/viewer.html?file=https:\/\/camaracaxambu.mg.gov.br\/v2\/wp-content\/uploads\/2024\/07\/CALENDARIO-ANUAL-LEGISLATIVO-2024.pdf\"><\/iframe> [\/vc_column_text][\/vc_column][\/vc_row]<\/p>\n","protected":false},"excerpt":{"rendered":"<p>[vc_row][vc_column][vc_column_text]Reuni\u00f5es Ordin\u00e1rias: todas as segundas-feiras &#8211; 18h Audi\u00eancias P\u00fablicas: segunda ter\u00e7a-feira de cada m\u00eas &#8211; 18h[\/vc_column_text][vc_column_text][\/vc_column_text][\/vc_column][\/vc_row]<\/p>\n","protected":false},"author":1,"featured_media":0,"parent":0,"menu_order":0,"comment_status":"closed","ping_status":"closed","template":"page-pagebuilder-title.php","meta":[],"_links":{"self":[{"href":"https:\/\/camaracaxambu.mg.gov.br\/v2\/wp-json\/wp\/v2\/pages\/121"}],"collection":[{"href":"https:\/\/camaracaxambu.mg.gov.br\/v2\/wp-json\/wp\/v2\/pages"}],"about":[{"href":"https:\/\/camaracaxambu.mg.gov.br\/v2\/wp-json\/wp\/v2\/types\/page"}],"author":[{"embeddable":true,"href":"https:\/\/camaracaxambu.mg.gov.br\/v2\/wp-json\/wp\/v2\/users\/1"}],"replies":[{"embeddable":true,"href":"https:\/\/camaracaxambu.mg.gov.br\/v2\/wp-json\/wp\/v2\/comments?post=121"}],"version-history":[{"count":4,"href":"https:\/\/camaracaxambu.mg.gov.br\/v2\/wp-json\/wp\/v2\/pages\/121\/revisions"}],"predecessor-version":[{"id":3317,"href":"https:\/\/camaracaxambu.mg.gov.br\/v2\/wp-json\/wp\/v2\/pages\/121\/revisions\/3317"}],"wp:attachment":[{"href":"https:\/\/camaracaxambu.mg.gov.br\/v2\/wp-json\/wp\/v2\/media?parent=121"}],"curies":[{"name":"wp","href":"https:\/\/api.w.org\/{rel}","templated":true}]}}